{"id":11,"date":"2017-01-06T18:26:30","date_gmt":"2017-01-06T17:26:30","guid":{"rendered":"http:\/\/dev.le2bis.com\/?page_id=11"},"modified":"2017-01-06T18:26:30","modified_gmt":"2017-01-06T17:26:30","slug":"atelier-darchitecture-urbanisme-etudes-et-maitrise-doeuvre","status":"publish","type":"page","link":"https:\/\/dev.le2bis.com\/wordpress\/","title":{"rendered":"Projets"},"content":{"rendered":"\n<p class=\"has-text-color\" style=\"color:#5a5959\">Architecture, am\u00e9nagement urbain, assistance \u00e0 maitrise d&rsquo;ouvrage, \u00e9tudes et ma\u00eetrise d\u2019\u0153uvre\u2026 Une vision globale, un projet partag\u00e9! Des architectes pour votre futur\u2026<\/p>\n\n\n","protected":false},"excerpt":{"rendered":"<p>Architecture, am\u00e9nagement urbain, assistance \u00e0 maitrise d&rsquo;ouvrage, \u00e9tudes et ma\u00eetrise d\u2019\u0153uvre\u2026 Une vision globale, un projet partag\u00e9! Des architectes pour votre futur\u2026<\/p>\n","protected":false},"author":1,"featured_media":1176,"parent":0,"menu_order":0,"comment_status":"closed","ping_status":"closed","template":"template-portfolio-grid.php","meta":{"tpgb_global_settings":"","footnotes":""},"class_list":["post-11","page","type-page","status-publish","has-post-thumbnail","hentry"],"tpgb_featured_images":{"full":["https:\/\/dev.le2bis.com\/wordpress\/wp-content\/uploads\/2019\/08\/L2B-G-Petit-e1615365741480.jpg",480,480,false],"tp-image-grid":["https:\/\/dev.le2bis.com\/wordpress\/wp-content\/uploads\/2019\/08\/L2B-G-Petit-e1615365741480.jpg",480,480,false],"thumbnail":["https:\/\/dev.le2bis.com\/wordpress\/wp-content\/uploads\/2019\/08\/L2B-G-Petit-e1615365741480-150x150.jpg",150,150,true],"medium":["https:\/\/dev.le2bis.com\/wordpress\/wp-content\/uploads\/2019\/08\/L2B-G-Petit-e1615365741480-300x300.jpg",300,300,true],"medium_large":["https:\/\/dev.le2bis.com\/wordpress\/wp-content\/uploads\/2019\/08\/L2B-G-Petit-e1615365741480.jpg",480,480,false],"large":["https:\/\/dev.le2bis.com\/wordpress\/wp-content\/uploads\/2019\/08\/L2B-G-Petit-e1615365741480.jpg",480,480,false],"default":"https:\/\/dev.le2bis.com\/wordpress\/wp-content\/plugins\/the-plus-addons-for-block-editor\/assets\/images\/tpgb-placeholder.jpg"},"tpgb_post_meta_info":{"get_date":"6 janvier 2017","get_modified_date":"6 janvier 2017","author_name":"le2bisdev","author_url":"https:\/\/dev.le2bis.com\/wordpress\/author\/le2bisdev\/","author_email":"simon.perrinlacour@gmail.com","author_website":"https:\/\/dev.le2bis.com\/wordpress","author_description":"","author_facebook":"","author_twitter":"","author_instagram":"","author_role":["administrator"],"author_firstname":"","author_lastname":"","user_login":"le2bisdev","author_avatar":"<img alt='' src='https:\/\/secure.gravatar.com\/avatar\/1001a3b87124c27d47dac2dcabcc852b75fbc9ab149938e114e99134b017bc6b?s=200&#038;d=mm&#038;r=g' srcset='https:\/\/secure.gravatar.com\/avatar\/1001a3b87124c27d47dac2dcabcc852b75fbc9ab149938e114e99134b017bc6b?s=400&#038;d=mm&#038;r=g 2x' class='avatar avatar-200 photo' height='200' width='200' loading='lazy' decoding='async'\/>","author_avatar_url":"https:\/\/secure.gravatar.com\/avatar\/1001a3b87124c27d47dac2dcabcc852b75fbc9ab149938e114e99134b017bc6b?s=96&d=mm&r=g","comment_count":0,"post_likes":0,"post_views":0},"tpgb_post_category":[],"_links":{"self":[{"href":"https:\/\/dev.le2bis.com\/wordpress\/wp-json\/wp\/v2\/pages\/11","targetHints":{"allow":["GET"]}}],"collection":[{"href":"https:\/\/dev.le2bis.com\/wordpress\/wp-json\/wp\/v2\/pages"}],"about":[{"href":"https:\/\/dev.le2bis.com\/wordpress\/wp-json\/wp\/v2\/types\/page"}],"author":[{"embeddable":true,"href":"https:\/\/dev.le2bis.com\/wordpress\/wp-json\/wp\/v2\/users\/1"}],"replies":[{"embeddable":true,"href":"https:\/\/dev.le2bis.com\/wordpress\/wp-json\/wp\/v2\/comments?post=11"}],"version-history":[{"count":0,"href":"https:\/\/dev.le2bis.com\/wordpress\/wp-json\/wp\/v2\/pages\/11\/revisions"}],"wp:featuredmedia":[{"embeddable":true,"href":"https:\/\/dev.le2bis.com\/wordpress\/wp-json\/wp\/v2\/media\/1176"}],"wp:attachment":[{"href":"https:\/\/dev.le2bis.com\/wordpress\/wp-json\/wp\/v2\/media?parent=11"}],"curies":[{"name":"wp","href":"https:\/\/api.w.org\/{rel}","templated":true}]}}