{"id":13,"date":"2017-01-06T18:26:39","date_gmt":"2017-01-06T17:26:39","guid":{"rendered":"http:\/\/dev.le2bis.com\/?page_id=13"},"modified":"2017-01-06T18:26:39","modified_gmt":"2017-01-06T17:26:39","slug":"contact-architecte-toulouse","status":"publish","type":"page","link":"https:\/\/dev.le2bis.com\/wordpress\/contact-architecte-toulouse\/","title":{"rendered":"Contact"},"content":{"rendered":"\n<h2 class=\"wp-block-heading\">Un premier contact qui change tout<\/h2>\n\n\n\n<hr class=\"wp-block-separator has-alpha-channel-opacity\"\/>\n\n\n\n<h2 class=\"wp-block-heading\">Rencontrez-nous<\/h2>\n\n\n\n<p>Vous souhaitez discuter de votre projet, obtenir un devis ou planifier un rendez-vous ? Contactez-moi directement par t\u00e9l\u00e9phone ou par e-mail, ou venez \u00e9changer lors des \u00ab Rendez-vous du vendredi \u00bb.<a href=\"https:\/\/www.instagram.com\/le2bis.atelier\" target=\"_blank\" rel=\"noopener\"><\/a><a href=\"https:\/\/www.linkedin.com\/company\/le2bis\" target=\"_blank\" rel=\"noopener\"><\/a><a href=\"https:\/\/www.facebook.com\/le2bis\" target=\"_blank\" rel=\"noopener\"><\/a><a href=\"https:\/\/wa.me\/33600000000\" target=\"_blank\" rel=\"noopener\"><\/a><a href=\"mailto:contact@le2bis.com?subject=Demande%20de%20renseignements\"><\/a><\/p>\n\n\n\n<div style=\"height:33px\" aria-hidden=\"true\" class=\"wp-block-spacer\"><\/div>\n\n\n\n<div class=\"wp-block-buttons is-content-justification-center is-nowrap is-layout-flex wp-container-core-buttons-is-layout-12a27398 wp-block-buttons-is-layout-flex\">\n<div class=\"wp-block-button is-style-fill\"><a class=\"wp-block-button__link has-white-color has-black-background-color has-text-color has-background has-link-color wp-element-button\" style=\"border-top-left-radius:100px;border-top-right-radius:100px;border-bottom-left-radius:100px;border-bottom-right-radius:100px\">Appelez-nous<\/a><\/div>\n<\/div>\n\n\n\n<div style=\"height:32px\" aria-hidden=\"true\" class=\"wp-block-spacer\"><\/div>\n\n\n\n<hr class=\"wp-block-separator has-alpha-channel-opacity\"\/>\n\n\n\n<h2 class=\"wp-block-heading\">Les Rendez-vous du vendredi<\/h2>\n\n\n\n<p>Chaque 1er vendredi du mois, nous vous proposons un rendez-vous gratuit d\u2019une heure avec un architecte pour \u00e9changer autour de votre projet, en toute simplicit\u00e9 et sans engagement.<\/p>\n\n\n\n<p><strong>L\u2019objectif : rendre l\u2019architecture accessible, mettre fin aux id\u00e9es re\u00e7ues sur le prix de l\u2019architecte et cr\u00e9er un moment d\u2019\u00e9change ouvert et bienveillant.<\/strong><\/p>\n\n\n\n<ul class=\"wp-block-list\">\n<li>D\u00e9finir ensemble votre programme et vos besoins<\/li>\n\n\n\n<li>Obtenir des solutions spatiales et techniques adapt\u00e9es<\/li>\n\n\n\n<li>R\u00e9pondre \u00e0 vos questions : r\u00e9novation, r\u00e9habilitation, construction neuve<\/li>\n\n\n\n<li>Optimisation \u00e9nerg\u00e9tique, am\u00e9nagements int\u00e9rieurs ou ext\u00e9rieurs<\/li>\n\n\n\n<li>Accompagnement sur vos d\u00e9marches administratives<\/li>\n<\/ul>\n\n\n\n<p><strong>Le2bis, Atelier d&rsquo;architecture<\/strong> et d&rsquo;urbanisme<br>7 Place du Busca \u2013 31400 Toulouse<\/p>\n\n\n\n<p><strong>Email :<\/strong> contact@le2bis.com<\/p>\n\n\n\n<p><strong>T\u00e9l\u00e9phone :<\/strong> 05 62 19 05 36<\/p>\n\n\n\n<hr class=\"wp-block-separator has-alpha-channel-opacity\"\/>\n\n\n\n<div class=\"wp-block-buttons is-vertical is-content-justification-center is-nowrap is-layout-flex wp-container-core-buttons-is-layout-857ef822 wp-block-buttons-is-layout-flex\">\n<div class=\"wp-block-button has-custom-width wp-block-button__width-25 is-style-fill\"><a class=\"wp-block-button__link has-white-color has-black-background-color has-text-color has-background has-link-color wp-element-button\" href=\"tel:0562190536\" style=\"border-top-left-radius:100px;border-top-right-radius:100px;border-bottom-left-radius:100px;border-bottom-right-radius:100px\">Appelez-nous<\/a><\/div>\n<\/div>\n\n\n\n<div style=\"height:80px\" aria-hidden=\"true\" class=\"wp-block-spacer\"><\/div>\n\n\n<p><iframe src=\"https:\/\/www.google.com\/maps\/embed?pb=!1m18!1m12!1m3!1d2889.876314112322!2d1.4480297768678128!3d43.58829255662533!2m3!1f0!2f0!3f0!3m2!1i1024!2i768!4f13.1!3m3!1m2!1s0x12aebb62eb0a9dcf%3A0xf218a6cae95737a9!2sLe2bis%2C%20Atelier%20d&#39;Architecture!5e0!3m2!1sfr!2sfr!4v1774606980674!5m2!1sfr!2sfr\" width=\"100%\" height=\"350\" style=\"border:0;\" allowfullscreen=\"\" loading=\"lazy\" referrerpolicy=\"no-referrer-when-downgrade\"><\/iframe><\/p>\n\n\n<hr class=\"wp-block-separator has-alpha-channel-opacity is-style-dots\"\/>\n\n\n\n<div class=\"wp-block-buttons is-content-justification-center is-layout-flex wp-container-core-buttons-is-layout-a89b3969 wp-block-buttons-is-layout-flex\">\n<div class=\"wp-block-button is-style-fill\"><a class=\"wp-block-button__link has-white-color has-black-background-color has-text-color has-background has-link-color wp-element-button\" style=\"text-decoration:none\">Nous \u00e9crire&#8230;<\/a><\/div>\n<\/div>\n\n\n\n<hr class=\"wp-block-separator has-alpha-channel-opacity\"\/>\n\n\n\n<form class=\"minimal-form\">\n    <input type=\"text\" placeholder=\"Nom\" required>\n    <input type=\"email\" placeholder=\"Email\" required>\n    <textarea placeholder=\"Votre message\" rows=\"4\" required><\/textarea>\n    <button type=\"submit\">Envoyer<\/button>\n<\/form>\n","protected":false},"excerpt":{"rendered":"<p>Un premier contact qui change tout Rencontrez-nous Vous souhaitez discuter de votre projet, obtenir un devis ou planifier un rendez-vous ? Contactez-moi directement par t\u00e9l\u00e9phone ou par e-mail, ou venez \u00e9changer lors des \u00ab Rendez-vous du vendredi \u00bb. Les Rendez-vous du vendredi Chaque 1er vendredi du mois, nous vous proposons un rendez-vous gratuit d\u2019une heure [&hellip;]<\/p>\n","protected":false},"author":1,"featured_media":7121,"parent":0,"menu_order":0,"comment_status":"closed","ping_status":"closed","template":"","meta":{"tpgb_global_settings":"","footnotes":""},"class_list":["post-13","page","type-page","status-publish","has-post-thumbnail","hentry"],"tpgb_featured_images":{"full":["https:\/\/dev.le2bis.com\/wordpress\/wp-content\/uploads\/2021\/03\/Sans-titre-2.jpg",800,284,false],"tp-image-grid":["https:\/\/dev.le2bis.com\/wordpress\/wp-content\/uploads\/2021\/03\/Sans-titre-2.jpg",700,249,false],"thumbnail":["https:\/\/dev.le2bis.com\/wordpress\/wp-content\/uploads\/2021\/03\/Sans-titre-2-150x150.jpg",150,150,true],"medium":["https:\/\/dev.le2bis.com\/wordpress\/wp-content\/uploads\/2021\/03\/Sans-titre-2-300x107.jpg",300,107,true],"medium_large":["https:\/\/dev.le2bis.com\/wordpress\/wp-content\/uploads\/2021\/03\/Sans-titre-2-768x273.jpg",768,273,true],"large":["https:\/\/dev.le2bis.com\/wordpress\/wp-content\/uploads\/2021\/03\/Sans-titre-2.jpg",800,284,false],"default":"https:\/\/dev.le2bis.com\/wordpress\/wp-content\/plugins\/the-plus-addons-for-block-editor\/assets\/images\/tpgb-placeholder.jpg"},"tpgb_post_meta_info":{"get_date":"6 janvier 2017","get_modified_date":"6 janvier 2017","author_name":"le2bisdev","author_url":"https:\/\/dev.le2bis.com\/wordpress\/author\/le2bisdev\/","author_email":"simon.perrinlacour@gmail.com","author_website":"https:\/\/dev.le2bis.com\/wordpress","author_description":"","author_facebook":"","author_twitter":"","author_instagram":"","author_role":["administrator"],"author_firstname":"","author_lastname":"","user_login":"le2bisdev","author_avatar":"<img alt='' src='https:\/\/secure.gravatar.com\/avatar\/1001a3b87124c27d47dac2dcabcc852b75fbc9ab149938e114e99134b017bc6b?s=200&#038;d=mm&#038;r=g' srcset='https:\/\/secure.gravatar.com\/avatar\/1001a3b87124c27d47dac2dcabcc852b75fbc9ab149938e114e99134b017bc6b?s=400&#038;d=mm&#038;r=g 2x' class='avatar avatar-200 photo' height='200' width='200' loading='lazy' decoding='async'\/>","author_avatar_url":"https:\/\/secure.gravatar.com\/avatar\/1001a3b87124c27d47dac2dcabcc852b75fbc9ab149938e114e99134b017bc6b?s=96&d=mm&r=g","comment_count":0,"post_likes":0,"post_views":0},"tpgb_post_category":[],"_links":{"self":[{"href":"https:\/\/dev.le2bis.com\/wordpress\/wp-json\/wp\/v2\/pages\/13","targetHints":{"allow":["GET"]}}],"collection":[{"href":"https:\/\/dev.le2bis.com\/wordpress\/wp-json\/wp\/v2\/pages"}],"about":[{"href":"https:\/\/dev.le2bis.com\/wordpress\/wp-json\/wp\/v2\/types\/page"}],"author":[{"embeddable":true,"href":"https:\/\/dev.le2bis.com\/wordpress\/wp-json\/wp\/v2\/users\/1"}],"replies":[{"embeddable":true,"href":"https:\/\/dev.le2bis.com\/wordpress\/wp-json\/wp\/v2\/comments?post=13"}],"version-history":[{"count":0,"href":"https:\/\/dev.le2bis.com\/wordpress\/wp-json\/wp\/v2\/pages\/13\/revisions"}],"wp:featuredmedia":[{"embeddable":true,"href":"https:\/\/dev.le2bis.com\/wordpress\/wp-json\/wp\/v2\/media\/7121"}],"wp:attachment":[{"href":"https:\/\/dev.le2bis.com\/wordpress\/wp-json\/wp\/v2\/media?parent=13"}],"curies":[{"name":"wp","href":"https:\/\/api.w.org\/{rel}","templated":true}]}}