{"id":7568,"date":"2022-12-23T19:47:49","date_gmt":"2022-12-23T18:47:49","guid":{"rendered":"https:\/\/www.le2bis.com\/?page_id=7568"},"modified":"2022-12-23T19:47:49","modified_gmt":"2022-12-23T18:47:49","slug":"mentions-legales","status":"publish","type":"page","link":"https:\/\/dev.le2bis.com\/wordpress\/mentions-legales\/","title":{"rendered":"Mentions L\u00e9gales"},"content":{"rendered":"\n<h1 class=\"wp-block-heading\">MENTION L\u00c9GALES<\/h1>\n\n\n\n<h2 class=\"wp-block-heading\">\u00c9diteur<\/h2>\n\n\n\n<p><strong>Nom commercial :<\/strong> Le2bis, Atelier d\u2019Architecture<br><strong>D\u00e9nomination sociale :<\/strong> Le2bis, Atelier d\u2019Architecture<br>Le2bis, Atelier d\u2019Architecture est une EURL.<br><strong>Adresse :<\/strong> 7 Place du Busca 31400 Toulouse<br><strong>SIRET :<\/strong> 81131555500029<br><strong>Activit\u00e9 (Code NAF ou APE) :<\/strong> 7111Z &#8211; Activit\u00e9s d&rsquo;architecture<br><strong>Date de cr\u00e9ation :<\/strong> 6 mai 2015<br><strong>G\u00e9rant : <\/strong>Simon Perrin-Lacour<br><strong>T\u00e9l :<\/strong> +33 (0)6 79 38 59 98<br><strong>Email :<\/strong> <a href=\"mailto:contact@le2bis.com\">contact@le2bis.com<\/a><br><strong>Site Internet :<\/strong> <a href=\"https:\/\/dev.le2bis.com\/wordpress\/\">https:\/\/dev.le2bis.com\/wordpress\/<\/a>.<\/p>\n\n\n\n<h1 class=\"wp-block-heading\">Responsable \u00c9ditorial<\/h1>\n\n\n\n<p>Simon Perrin-Lacour<\/p>\n\n\n\n<h1 class=\"wp-block-heading\">R\u00e9alisation<\/h1>\n\n\n\n<p>Conception du site Web : <a href=\"https:\/\/dev.le2bis.com\/wordpress\/\">Le2Bis, Atelier<\/a><\/p>\n\n\n\n<h1 class=\"wp-block-heading\">Propri\u00e9t\u00e9 Intellectuelle<\/h1>\n\n\n\n<p>Le site internet ainsi que l\u2019ensemble des droits aff\u00e9rents est la propri\u00e9t\u00e9 exclusive et en sa totalit\u00e9 de Le2Bis, Atelier. Toute reproduction totale ou partielle de ce site par quelque proc\u00e9d\u00e9 que ce soit, sans l\u2019autorisation expresse de l\u2019exploitant du site internet est interdite et constituerait une contrefa\u00e7on sanctionn\u00e9e par les articles L 335-2 et suivants du code de la propri\u00e9t\u00e9 intellectuelle.<\/p>\n\n\n\n<p>Logo, graphisme, textes, et images de ce site sont prot\u00e9g\u00e9s par copyright. La reproduction et l\u2019exploitation de ces \u00e9l\u00e9ments sont interdites.<\/p>\n\n\n\n<h1 class=\"wp-block-heading\">H\u00e9bergeur<\/h1>\n\n\n\n<p><a href=\"https:\/\/www.ovhcloud.com\/fr\/\" target=\"_blank\" rel=\"noreferrer noopener\">OVH \u2013&nbsp;https:\/\/www.ovh.com\/fr\/<\/a><\/p>\n\n\n\n<h1 class=\"wp-block-heading\">Responsabilit\u00e9<\/h1>\n\n\n\n<p>Le2Bis, Atelier met tout en \u0153uvre pour offrir aux internautes l\u2019acc\u00e8s au site Internet, mais ne peut \u00eatre tenu responsable de rupture de services, d\u2019erreurs, d\u2019absence de disponibilit\u00e9 des informations ou de leur exactitude.<\/p>\n","protected":false},"excerpt":{"rendered":"<p>MENTION L\u00c9GALES \u00c9diteur Nom commercial : Le2bis, Atelier d\u2019ArchitectureD\u00e9nomination sociale : Le2bis, Atelier d\u2019ArchitectureLe2bis, Atelier d\u2019Architecture est une EURL.Adresse : 7 Place du Busca 31400 ToulouseSIRET : 81131555500029Activit\u00e9 (Code NAF ou APE) : 7111Z &#8211; Activit\u00e9s d&rsquo;architectureDate de cr\u00e9ation : 6 mai 2015G\u00e9rant : Simon Perrin-LacourT\u00e9l : +33 (0)6 79 38 59 98Email : contact@le2bis.comSite [&hellip;]<\/p>\n","protected":false},"author":1,"featured_media":0,"parent":0,"menu_order":0,"comment_status":"closed","ping_status":"closed","template":"","meta":{"tpgb_global_settings":"","footnotes":""},"class_list":["post-7568","page","type-page","status-publish","hentry"],"tpgb_featured_images":null,"tpgb_post_meta_info":{"get_date":"23 d\u00e9cembre 2022","get_modified_date":"23 d\u00e9cembre 2022","author_name":"le2bisdev","author_url":"https:\/\/dev.le2bis.com\/wordpress\/author\/le2bisdev\/","author_email":"simon.perrinlacour@gmail.com","author_website":"https:\/\/dev.le2bis.com\/wordpress","author_description":"","author_facebook":"","author_twitter":"","author_instagram":"","author_role":["administrator"],"author_firstname":"","author_lastname":"","user_login":"le2bisdev","author_avatar":"<img alt='' src='https:\/\/secure.gravatar.com\/avatar\/1001a3b87124c27d47dac2dcabcc852b75fbc9ab149938e114e99134b017bc6b?s=200&#038;d=mm&#038;r=g' srcset='https:\/\/secure.gravatar.com\/avatar\/1001a3b87124c27d47dac2dcabcc852b75fbc9ab149938e114e99134b017bc6b?s=400&#038;d=mm&#038;r=g 2x' class='avatar avatar-200 photo' height='200' width='200' loading='lazy' decoding='async'\/>","author_avatar_url":"https:\/\/secure.gravatar.com\/avatar\/1001a3b87124c27d47dac2dcabcc852b75fbc9ab149938e114e99134b017bc6b?s=96&d=mm&r=g","comment_count":0,"post_likes":0,"post_views":0},"tpgb_post_category":[],"_links":{"self":[{"href":"https:\/\/dev.le2bis.com\/wordpress\/wp-json\/wp\/v2\/pages\/7568","targetHints":{"allow":["GET"]}}],"collection":[{"href":"https:\/\/dev.le2bis.com\/wordpress\/wp-json\/wp\/v2\/pages"}],"about":[{"href":"https:\/\/dev.le2bis.com\/wordpress\/wp-json\/wp\/v2\/types\/page"}],"author":[{"embeddable":true,"href":"https:\/\/dev.le2bis.com\/wordpress\/wp-json\/wp\/v2\/users\/1"}],"replies":[{"embeddable":true,"href":"https:\/\/dev.le2bis.com\/wordpress\/wp-json\/wp\/v2\/comments?post=7568"}],"version-history":[{"count":0,"href":"https:\/\/dev.le2bis.com\/wordpress\/wp-json\/wp\/v2\/pages\/7568\/revisions"}],"wp:attachment":[{"href":"https:\/\/dev.le2bis.com\/wordpress\/wp-json\/wp\/v2\/media?parent=7568"}],"curies":[{"name":"wp","href":"https:\/\/api.w.org\/{rel}","templated":true}]}}