{"id":7576,"date":"2022-12-23T19:42:54","date_gmt":"2022-12-23T18:42:54","guid":{"rendered":"https:\/\/www.le2bis.com\/?page_id=7576"},"modified":"2022-12-23T19:42:54","modified_gmt":"2022-12-23T18:42:54","slug":"politique-de-confidentialite-2","status":"publish","type":"page","link":"https:\/\/dev.le2bis.com\/wordpress\/politique-de-confidentialite-2\/","title":{"rendered":"Politique de confidentialit\u00e9"},"content":{"rendered":"\n<h1 class=\"wp-block-heading\">POLITIQUE DE CONFIDENTIALIT\u00c9<\/h1>\n\n\n\n<h2 class=\"wp-block-heading\">Qui sommes-nous&nbsp;?<\/h2>\n\n\n\n<p>L\u2019adresse de notre site Web est&nbsp;: <a href=\"https:\/\/dev.le2bis.com\/wordpress\/\">https:\/\/dev.le2bis.com\/wordpress\/<\/a>.<br>Vous trouverez des informations sur l\u2019\u00e9quipe&nbsp;<a href=\"https:\/\/dev.le2bis.com\/wordpress\/apropos-architecte-toulouse-missions\/\">ici<\/a>.<br>Vous trouverez des informations de contact&nbsp;<a href=\"https:\/\/dev.le2bis.com\/wordpress\/architecte-toulouse-contact\/\">ici<\/a>.<br>Vous trouverez les mentions l\u00e9gales&nbsp;<a href=\"https:\/\/dev.le2bis.com\/wordpress\/mentions-legales\/\">ici<\/a>.<\/p>\n\n\n\n<h2 class=\"wp-block-heading\">Utilisation des donn\u00e9es personnelles collect\u00e9es<\/h2>\n\n\n\n<h3 class=\"wp-block-heading\">G\u00e9n\u00e9ralit\u00e9s &amp; formulaires de contact<\/h3>\n\n\n\n<p>Le pr\u00e9sent site a pour but d\u2019informer sur les actualit\u00e9s de Le2bis, Atelier.<br>Aucune donn\u00e9e concernant l\u2019internaute ou visiteur, de quelque nature que ce soit, n\u2019est m\u00e9moris\u00e9e.<br>Le formulaire de contact envoie directement un mail au responsable du site, sans en garder une quelconque trace dans la base de donn\u00e9es de ce site web.<\/p>\n\n\n\n<h3 class=\"wp-block-heading\">Cookies<\/h3>\n\n\n\n<p>Ce site utilise des cookies. En application des nouvelles lois sur la protection des donn\u00e9es personnelles (RGPD), vous \u00eates parfaitement libre d\u2019accepter ou de refuser l\u2019installation de ces cookies sans que cela vous interdise de naviguer librement sur ce site.<br>Vous pouvez utiliser ce bouton pour supprimer les cookies que vous auriez d\u00e9j\u00e0 accept\u00e9 : <a href=\"https:\/\/memaudio.fr\/politique-de-confidentialite\/\" target=\"_blank\" rel=\"noopener\">Supprimer les cookies<\/a><\/p>\n\n\n\n<p>Pour m\u00e9moire, un cookie est un petit fichier texte d\u00e9pos\u00e9 sur votre ordinateur par les sites que vous visitez. C\u2019est un fichier de type texte simple, donc \u00e0 priori inoffensif et sans virus.<\/p>\n\n\n\n<p>Quelques exemples pour mieux comprendre :<\/p>\n\n\n\n<ul class=\"wp-block-list\">\n<li>Sur un site de vente en ligne, des cookies sont utilis\u00e9s pour m\u00e9moriser votre panier d\u2019achat. Si vous visitez le m\u00eame site quelques jours plus tard, on peut vous proposez de terminer et de valider vos achats.<\/li>\n\n\n\n<li>Sur un site multi langues on utilisera un cookie pour m\u00e9moriser que vous avez choisi le Fran\u00e7ais, par exemple. Lors de votre prochaine visite, vous serez automatiquement redirig\u00e9s sur la version fran\u00e7aise du site.<\/li>\n\n\n\n<li>Tout \u00e9diteur de site internet d\u00e9sire conna\u00eetre son audience. L\u2019outil de suivi de visites Google Analytics, utilise des cookies simplement pour compter les visiteurs. Lorsque vous visitez un site vous \u00eates comptabilis\u00e9s comme visiteur et l\u2019outil pose un cookie pour ne pas vous compter une nouvelle fois si vous revenez plusieurs fois dans la m\u00eame journ\u00e9e.<\/li>\n<\/ul>\n\n\n\n<p>C\u2019est uniquement cet outil de mesure d\u2019audience (Google Analytics) qui est utilis\u00e9 sur le site de Le2Bis, Atelier.<\/p>\n\n\n\n<h3 class=\"wp-block-heading\">Contenu embarqu\u00e9 depuis d\u2019autres sites<\/h3>\n\n\n\n<p>Les articles de ce site peuvent inclure des contenus int\u00e9gr\u00e9s (par exemple des vid\u00e9os, images, articles\u2026). Le contenu int\u00e9gr\u00e9 depuis d\u2019autres sites se comporte de la m\u00eame mani\u00e8re que si le visiteur se rendait sur cet autre site.<\/p>\n\n\n\n<p>Ces sites web pourraient collecter des donn\u00e9es sur vous, utiliser des cookies, embarquer des outils de suivis tiers, suivre vos interactions avec ces contenus embarqu\u00e9s si vous disposez d\u2019un compte connect\u00e9 sur leur site web.<\/p>\n\n\n\n<h3 class=\"wp-block-heading\">Statistiques et mesures d\u2019audience<\/h3>\n\n\n\n<p>Seul l\u2019outil de mesure d\u2019audience Google Analytics est utilis\u00e9 sur le site de Le2Bis, Atelier.<\/p>\n\n\n\n<h2 class=\"wp-block-heading\">Transmission de vos donn\u00e9es personnelles<\/h2>\n\n\n\n<p>Nous ne transmettons pas vos donn\u00e9es \u00e0 caract\u00e8re personnel \u00e0 d\u2019autres personnes morales ou physiques pour leurs d\u00e9marches marketing.<\/p>\n","protected":false},"excerpt":{"rendered":"<p>POLITIQUE DE CONFIDENTIALIT\u00c9 Qui sommes-nous&nbsp;? L\u2019adresse de notre site Web est&nbsp;: https:\/\/dev.le2bis.com\/wordpress\/.Vous trouverez des informations sur l\u2019\u00e9quipe&nbsp;ici.Vous trouverez des informations de contact&nbsp;ici.Vous trouverez les mentions l\u00e9gales&nbsp;ici. Utilisation des donn\u00e9es personnelles collect\u00e9es G\u00e9n\u00e9ralit\u00e9s &amp; formulaires de contact Le pr\u00e9sent site a pour but d\u2019informer sur les actualit\u00e9s de Le2bis, Atelier.Aucune donn\u00e9e concernant l\u2019internaute ou visiteur, de [&hellip;]<\/p>\n","protected":false},"author":1,"featured_media":0,"parent":0,"menu_order":0,"comment_status":"closed","ping_status":"closed","template":"","meta":{"tpgb_global_settings":"","footnotes":""},"class_list":["post-7576","page","type-page","status-publish","hentry"],"tpgb_featured_images":null,"tpgb_post_meta_info":{"get_date":"23 d\u00e9cembre 2022","get_modified_date":"23 d\u00e9cembre 2022","author_name":"le2bisdev","author_url":"https:\/\/dev.le2bis.com\/wordpress\/author\/le2bisdev\/","author_email":"simon.perrinlacour@gmail.com","author_website":"https:\/\/dev.le2bis.com\/wordpress","author_description":"","author_facebook":"","author_twitter":"","author_instagram":"","author_role":["administrator"],"author_firstname":"","author_lastname":"","user_login":"le2bisdev","author_avatar":"<img alt='' src='https:\/\/secure.gravatar.com\/avatar\/1001a3b87124c27d47dac2dcabcc852b75fbc9ab149938e114e99134b017bc6b?s=200&#038;d=mm&#038;r=g' srcset='https:\/\/secure.gravatar.com\/avatar\/1001a3b87124c27d47dac2dcabcc852b75fbc9ab149938e114e99134b017bc6b?s=400&#038;d=mm&#038;r=g 2x' class='avatar avatar-200 photo' height='200' width='200' loading='lazy' decoding='async'\/>","author_avatar_url":"https:\/\/secure.gravatar.com\/avatar\/1001a3b87124c27d47dac2dcabcc852b75fbc9ab149938e114e99134b017bc6b?s=96&d=mm&r=g","comment_count":0,"post_likes":0,"post_views":0},"tpgb_post_category":[],"_links":{"self":[{"href":"https:\/\/dev.le2bis.com\/wordpress\/wp-json\/wp\/v2\/pages\/7576","targetHints":{"allow":["GET"]}}],"collection":[{"href":"https:\/\/dev.le2bis.com\/wordpress\/wp-json\/wp\/v2\/pages"}],"about":[{"href":"https:\/\/dev.le2bis.com\/wordpress\/wp-json\/wp\/v2\/types\/page"}],"author":[{"embeddable":true,"href":"https:\/\/dev.le2bis.com\/wordpress\/wp-json\/wp\/v2\/users\/1"}],"replies":[{"embeddable":true,"href":"https:\/\/dev.le2bis.com\/wordpress\/wp-json\/wp\/v2\/comments?post=7576"}],"version-history":[{"count":0,"href":"https:\/\/dev.le2bis.com\/wordpress\/wp-json\/wp\/v2\/pages\/7576\/revisions"}],"wp:attachment":[{"href":"https:\/\/dev.le2bis.com\/wordpress\/wp-json\/wp\/v2\/media?parent=7576"}],"curies":[{"name":"wp","href":"https:\/\/api.w.org\/{rel}","templated":true}]}}