{"id":8,"date":"2017-01-06T18:25:50","date_gmt":"2017-01-06T17:25:50","guid":{"rendered":"http:\/\/dev.le2bis.com\/?page_id=8"},"modified":"2017-01-06T18:25:50","modified_gmt":"2017-01-06T17:25:50","slug":"agence-darchitecture-architecte-toulouse-demarche","status":"publish","type":"page","link":"https:\/\/dev.le2bis.com\/wordpress\/agence-darchitecture-architecte-toulouse-demarche\/","title":{"rendered":"Atelier"},"content":{"rendered":"<p>[smartslider3 slider=\u00a0\u00bb2&Prime;]<\/p>\n\n\n\n<div style=\"height:25px\" aria-hidden=\"true\" class=\"wp-block-spacer\"><\/div>\n\n\n\n<h1 class=\"wp-block-heading has-text-align-left has-black-color has-text-color\">Le2bis, <mark style=\"background-color:rgba(0, 0, 0, 0)\" class=\"has-inline-color has-vivid-red-color\">Atelier d&rsquo;architecture et d&rsquo;urbanisme Toulouse &#8211; Montpellier &#8211; Biarritz<\/mark><\/h1>\n\n\n\n<div class=\"wp-block-group has-white-background-color has-background is-layout-flow wp-block-group-is-layout-flow\">\n<div class=\"wp-block-group is-layout-flow wp-block-group-is-layout-flow\">\n<p class=\"has-text-align-left has-normal-font-size\"><span style=\"color: #333333; font-size: 12pt; font-family: Roboto Condensed;\"><\/span>\u00ab <strong>Le2bis<\/strong> \u00bb est une agence d\u2019architecture bas\u00e9 \u00e0 Toulouse &#8211; Quartier Busca &#8211; qui a vu le jour en 2015. Architecte-Urbaniste et directeur de l\u2019activit\u00e9 de l\u2019agence \u00able2bis\u00bb, Simon Perrin- Lacour est issu d\u2019une formation multiple entre Toulouse, Montpellier et Madrid.<br>Il a acquis une grande pratique du projet urbain au sein de l\u2019agence \u00ab D\u2019une Ville \u00e0 l\u2019autre\u2026 \u00bb pendant plusieurs ann\u00e9es. Cette exp\u00e9rience lui permet d\u2019assurer aujourd&rsquo;hui une double lecture dans la fabrication de la ville : celle de l\u2019architecture et de l\u2019urbain. Il s\u2019inscrit aujourd&rsquo;hui dans la conception des projets et des \u00e9tudes en appui d&rsquo;\u00e9quipes pluridisciplinaires, participe \u00e0 la dynamique de conception collective des projets et enrichit les propositions de son exp\u00e9rience \u00e0 <strong>toutes les \u00e9chelles<\/strong>.<\/p>\n\n\n\n<h2 class=\"wp-block-heading has-text-align-left has-vivid-red-color has-text-color\">Notre d\u00e9marche<\/h2>\n\n\n\n<h3 class=\"wp-block-heading\"><strong>Un projet partag\u00e9 par tous, un projet local<\/strong><\/h3>\n\n\n\n<p>Notre d\u00e9marche s\u2019appuie sur une analyse pr\u00e9cise du contexte, tirer le meilleur parti des conditions d\u2019un site et de son environnement physique. Les lieux dans lesquels nous \u00e9voluons exercent une influence primordiale sur l\u2019approche de l\u2019architecte. Nous nous attachons \u00e0 une approche immersive du site, arpenter, cartographier, vivre le lieu avant de propos\u00e9 notre vision et analyse du contexte. Chaque projet r\u00e9pond \u00e0 un milieu donn\u00e9, l\u2019architecture \u00e9tablit le lien entre le programme et le site. Architecte du contexte, \u00ab le2bis \u00bb revendique une architecture responsable, locale et partag\u00e9e. <\/p>\n\n\n\n<h3 class=\"wp-block-heading\">Un suivi \u00e0 g\u00e9om\u00e9trie variable<\/h3>\n\n\n\n<p>Aujourd\u2019hui \u00ab le2bis \u00bb partage les locaux du \u00ab\u00a0<strong>COLLECTIF WALLSQUARE ARCHITECTES<\/strong>\u00a0\u00bb en plein c\u0153ur de la capitale r\u00e9gionale. Cet espace regroupe architectes, designers, graphistes et partagent les projets en fonction de leurs sp\u00e9cificit\u00e9s. Du projet de territoire au projet de b\u00e2timent, nous vous proposons un suivi \u00absur mesure\u00bb, <strong>un projet partag\u00e9 et une vision globale<\/strong>. Nous nous faisons assister par des partenaires techniques compl\u00e9mentaires que nous choisissons toujours en coh\u00e9rence au projet.<\/p>\n\n\n\n<h3 class=\"wp-block-heading\"><strong>Une d\u00e9marche de d\u00e9veloppement durable<\/strong><\/h3>\n\n\n\n<p>Les objectifs de d\u00e9veloppement durable nous donnent la marche \u00e0 suivre pour parvenir \u00e0 un avenir meilleur et plus durable. La lutte contre le r\u00e9chauffement climatique est devenue un \u00e9l\u00e9ment indissociable de la r\u00e9alisation du d\u00e9veloppement durable. Notre \u00e9quipe prend le parti d&rsquo;int\u00e9grer cette th\u00e9matique comme fondement de notre approche.<\/p>\n\n\n\n<p>Notre analyse du contexte s&rsquo;appuie sur les grandes th\u00e9matiques qui structurent les territoires. L\u2019environnement, la topographie, l&rsquo;histoire, la sociologie, les d\u00e9placements, l&rsquo;\u00e9conomie, la biodiversit\u00e9, l\u2019hydrographie, nous permettent de cartographier et d&rsquo;identifier chaque site sur lequel nous intervenons. Nous proposons toujours une r\u00e9ponse construite sur une analyse de ces composantes. <strong>Notre ambition; penser global construire local.<\/strong><\/p>\n\n\n\n<p>Expert de la r\u00e9novation \u00e9nerg\u00e9tique, nous pouvons \u00e9galement vous aider dans toutes vos d\u00e9marches d\u2019\u00e9conomies d\u2019\u00e9nergie\u2026<br>Nous sommes avant tout \u00e0 votre \u00e9coute pour vous proposer des solutions adapt\u00e9es \u00e0 vos attentes et \u00e0 votre budget.<\/p>\n\n\n\n<h3 class=\"wp-block-heading\"><br><strong><strong>Chaque projet est une aventure humaine unique.<\/strong><\/strong>..<\/h3>\n\n\n\n<div style=\"height:22px\" aria-hidden=\"true\" class=\"wp-block-spacer\"><\/div>\n\n\n\n<figure class=\"wp-block-pullquote is-style-default\"><blockquote><p>\u00ab\u00a0Construire c&rsquo;est construire ensemble, le travail est collectif mais chacun est sa place. Le chantier est le lieu de la red\u00e9finition des enjeux, c&rsquo;est la rencontre entre l&rsquo;acte et la pens\u00e9e. Construire c&rsquo;est faire soci\u00e9t\u00e9.\u00a0\u00bb<\/p><cite>Patrick Bouchain<\/cite><\/blockquote><\/figure>\n\n\n\n<ul class=\"wp-block-social-links aligncenter has-large-icon-size has-icon-color has-icon-background-color is-style-default is-horizontal is-content-justification-center is-layout-flex wp-container-core-social-links-is-layout-ecd33c62 wp-block-social-links-is-layout-flex\"><li style=\"color:#ffffff;background-color:#000000;\" class=\"wp-social-link wp-social-link-instagram has-white-color has-black-background-color wp-block-social-link\"><a rel=\"noopener nofollow\" target=\"_blank\" href=\"https:\/\/www.instagram.com\/le2bis.atelier\/?hl=fr\" class=\"wp-block-social-link-anchor\"><svg width=\"24\" height=\"24\" viewBox=\"0 0 24 24\" version=\"1.1\" xmlns=\"http:\/\/www.w3.org\/2000\/svg\" aria-hidden=\"true\" focusable=\"false\"><path d=\"M12,4.622c2.403,0,2.688,0.009,3.637,0.052c0.877,0.04,1.354,0.187,1.671,0.31c0.42,0.163,0.72,0.358,1.035,0.673 c0.315,0.315,0.51,0.615,0.673,1.035c0.123,0.317,0.27,0.794,0.31,1.671c0.043,0.949,0.052,1.234,0.052,3.637 s-0.009,2.688-0.052,3.637c-0.04,0.877-0.187,1.354-0.31,1.671c-0.163,0.42-0.358,0.72-0.673,1.035 c-0.315,0.315-0.615,0.51-1.035,0.673c-0.317,0.123-0.794,0.27-1.671,0.31c-0.949,0.043-1.233,0.052-3.637,0.052 s-2.688-0.009-3.637-0.052c-0.877-0.04-1.354-0.187-1.671-0.31c-0.42-0.163-0.72-0.358-1.035-0.673 c-0.315-0.315-0.51-0.615-0.673-1.035c-0.123-0.317-0.27-0.794-0.31-1.671C4.631,14.688,4.622,14.403,4.622,12 s0.009-2.688,0.052-3.637c0.04-0.877,0.187-1.354,0.31-1.671c0.163-0.42,0.358-0.72,0.673-1.035 c0.315-0.315,0.615-0.51,1.035-0.673c0.317-0.123,0.794-0.27,1.671-0.31C9.312,4.631,9.597,4.622,12,4.622 M12,3 C9.556,3,9.249,3.01,8.289,3.054C7.331,3.098,6.677,3.25,6.105,3.472C5.513,3.702,5.011,4.01,4.511,4.511 c-0.5,0.5-0.808,1.002-1.038,1.594C3.25,6.677,3.098,7.331,3.054,8.289C3.01,9.249,3,9.556,3,12c0,2.444,0.01,2.751,0.054,3.711 c0.044,0.958,0.196,1.612,0.418,2.185c0.23,0.592,0.538,1.094,1.038,1.594c0.5,0.5,1.002,0.808,1.594,1.038 c0.572,0.222,1.227,0.375,2.185,0.418C9.249,20.99,9.556,21,12,21s2.751-0.01,3.711-0.054c0.958-0.044,1.612-0.196,2.185-0.418 c0.592-0.23,1.094-0.538,1.594-1.038c0.5-0.5,0.808-1.002,1.038-1.594c0.222-0.572,0.375-1.227,0.418-2.185 C20.99,14.751,21,14.444,21,12s-0.01-2.751-0.054-3.711c-0.044-0.958-0.196-1.612-0.418-2.185c-0.23-0.592-0.538-1.094-1.038-1.594 c-0.5-0.5-1.002-0.808-1.594-1.038c-0.572-0.222-1.227-0.375-2.185-0.418C14.751,3.01,14.444,3,12,3L12,3z M12,7.378 c-2.552,0-4.622,2.069-4.622,4.622S9.448,16.622,12,16.622s4.622-2.069,4.622-4.622S14.552,7.378,12,7.378z M12,15 c-1.657,0-3-1.343-3-3s1.343-3,3-3s3,1.343,3,3S13.657,15,12,15z M16.804,6.116c-0.596,0-1.08,0.484-1.08,1.08 s0.484,1.08,1.08,1.08c0.596,0,1.08-0.484,1.08-1.08S17.401,6.116,16.804,6.116z\"><\/path><\/svg><span class=\"wp-block-social-link-label screen-reader-text\">Instagram<\/span><\/a><\/li>\n\n<li style=\"color:#ffffff;background-color:#000000;\" class=\"wp-social-link wp-social-link-facebook has-white-color has-black-background-color wp-block-social-link\"><a rel=\"noopener nofollow\" target=\"_blank\" href=\"https:\/\/fr-fr.facebook.com\/le2bis.atelier\/\" class=\"wp-block-social-link-anchor\"><svg width=\"24\" height=\"24\" viewBox=\"0 0 24 24\" version=\"1.1\" xmlns=\"http:\/\/www.w3.org\/2000\/svg\" aria-hidden=\"true\" focusable=\"false\"><path d=\"M12 2C6.5 2 2 6.5 2 12c0 5 3.7 9.1 8.4 9.9v-7H7.9V12h2.5V9.8c0-2.5 1.5-3.9 3.8-3.9 1.1 0 2.2.2 2.2.2v2.5h-1.3c-1.2 0-1.6.8-1.6 1.6V12h2.8l-.4 2.9h-2.3v7C18.3 21.1 22 17 22 12c0-5.5-4.5-10-10-10z\"><\/path><\/svg><span class=\"wp-block-social-link-label screen-reader-text\">https:\/\/fr-fr.facebook.com\/le2bis.atelier\/<\/span><\/a><\/li>\n\n<li style=\"color:#ffffff;background-color:#000000;\" class=\"wp-social-link wp-social-link-linkedin has-white-color has-black-background-color wp-block-social-link\"><a rel=\"noopener nofollow\" target=\"_blank\" href=\"https:\/\/fr.linkedin.com\/in\/simon-perrin-lacour-bb7708bb\" class=\"wp-block-social-link-anchor\"><svg width=\"24\" height=\"24\" viewBox=\"0 0 24 24\" version=\"1.1\" xmlns=\"http:\/\/www.w3.org\/2000\/svg\" aria-hidden=\"true\" focusable=\"false\"><path d=\"M19.7,3H4.3C3.582,3,3,3.582,3,4.3v15.4C3,20.418,3.582,21,4.3,21h15.4c0.718,0,1.3-0.582,1.3-1.3V4.3 C21,3.582,20.418,3,19.7,3z M8.339,18.338H5.667v-8.59h2.672V18.338z M7.004,8.574c-0.857,0-1.549-0.694-1.549-1.548 c0-0.855,0.691-1.548,1.549-1.548c0.854,0,1.547,0.694,1.547,1.548C8.551,7.881,7.858,8.574,7.004,8.574z M18.339,18.338h-2.669 v-4.177c0-0.996-0.017-2.278-1.387-2.278c-1.389,0-1.601,1.086-1.601,2.206v4.249h-2.667v-8.59h2.559v1.174h0.037 c0.356-0.675,1.227-1.387,2.526-1.387c2.703,0,3.203,1.779,3.203,4.092V18.338z\"><\/path><\/svg><span class=\"wp-block-social-link-label screen-reader-text\">LinkedIn<\/span><\/a><\/li><\/ul>\n\n\n\n<figure class=\"wp-block-image aligncenter size-large is-resized\"><a href=\"http:\/\/www.le2bis.com\/\"><img decoding=\"async\" src=\"http:\/\/www.le2bis.com\/wp-content\/uploads\/2019\/08\/L2B-G-Petit.jpg\" alt=\"Le2bis, Atelier - Architeccte Toulouse Montpellier - Logo - identit\u00e9\" class=\"wp-image-1176\" style=\"width:142px;height:142px\"\/><\/a><\/figure>\n<\/div>\n<\/div>\n\n\n\n<figure class=\"wp-block-image aligncenter size-large is-resized\"><a href=\"https:\/\/www.instagram.com\/wallsquare_architectes\/?hl=fr\" target=\"_blank\" rel=\"noopener\"><img loading=\"lazy\" decoding=\"async\" width=\"107\" height=\"72\" src=\"http:\/\/www.le2bis.com\/wp-content\/uploads\/2021\/02\/WA-Wallsquare-Architectes.jpg\" alt=\"\" class=\"wp-image-4442\" style=\"width:193px;height:auto\"\/><\/a><figcaption class=\"wp-element-caption\"><span class=\"has-inline-color has-white-color\">Wallsquare Architectes Toul<\/span><\/figcaption><\/figure>\n","protected":false},"excerpt":{"rendered":"<p>Le2bis, Atelier d&rsquo;architecture et d&rsquo;urbanisme Toulouse &#8211; Montpellier &#8211; Biarritz \u00ab Le2bis \u00bb est une agence d\u2019architecture bas\u00e9 \u00e0 Toulouse &#8211; Quartier Busca &#8211; qui a vu le jour en 2015. Architecte-Urbaniste et directeur de l\u2019activit\u00e9 de l\u2019agence \u00able2bis\u00bb, Simon Perrin- Lacour est issu d\u2019une formation multiple entre Toulouse, Montpellier et Madrid.Il a acquis une [&hellip;]<\/p>\n","protected":false},"author":1,"featured_media":1249,"parent":0,"menu_order":0,"comment_status":"closed","ping_status":"closed","template":"","meta":{"tpgb_global_settings":"","footnotes":""},"class_list":["post-8","page","type-page","status-publish","has-post-thumbnail","hentry"],"tpgb_featured_images":{"full":["https:\/\/dev.le2bis.com\/wordpress\/wp-content\/uploads\/2019\/12\/P1000408-scaled-1.jpg",2560,1920,false],"tp-image-grid":["https:\/\/dev.le2bis.com\/wordpress\/wp-content\/uploads\/2019\/12\/P1000408-scaled-1.jpg",700,525,false],"thumbnail":["https:\/\/dev.le2bis.com\/wordpress\/wp-content\/uploads\/2019\/12\/P1000408-scaled-1-150x150.jpg",150,150,true],"medium":["https:\/\/dev.le2bis.com\/wordpress\/wp-content\/uploads\/2019\/12\/P1000408-scaled-1-300x225.jpg",300,225,true],"medium_large":["https:\/\/dev.le2bis.com\/wordpress\/wp-content\/uploads\/2019\/12\/P1000408-scaled-1-768x576.jpg",768,576,true],"large":["https:\/\/dev.le2bis.com\/wordpress\/wp-content\/uploads\/2019\/12\/P1000408-scaled-1-1024x768.jpg",1024,768,true],"default":"https:\/\/dev.le2bis.com\/wordpress\/wp-content\/plugins\/the-plus-addons-for-block-editor\/assets\/images\/tpgb-placeholder.jpg"},"tpgb_post_meta_info":{"get_date":"6 janvier 2017","get_modified_date":"6 janvier 2017","author_name":"le2bisdev","author_url":"https:\/\/dev.le2bis.com\/wordpress\/author\/le2bisdev\/","author_email":"simon.perrinlacour@gmail.com","author_website":"https:\/\/dev.le2bis.com\/wordpress","author_description":"","author_facebook":"","author_twitter":"","author_instagram":"","author_role":["administrator"],"author_firstname":"","author_lastname":"","user_login":"le2bisdev","author_avatar":"<img alt='' src='https:\/\/secure.gravatar.com\/avatar\/1001a3b87124c27d47dac2dcabcc852b75fbc9ab149938e114e99134b017bc6b?s=200&#038;d=mm&#038;r=g' srcset='https:\/\/secure.gravatar.com\/avatar\/1001a3b87124c27d47dac2dcabcc852b75fbc9ab149938e114e99134b017bc6b?s=400&#038;d=mm&#038;r=g 2x' class='avatar avatar-200 photo' height='200' width='200' loading='lazy' decoding='async'\/>","author_avatar_url":"https:\/\/secure.gravatar.com\/avatar\/1001a3b87124c27d47dac2dcabcc852b75fbc9ab149938e114e99134b017bc6b?s=96&d=mm&r=g","comment_count":0,"post_likes":0,"post_views":0},"tpgb_post_category":[],"_links":{"self":[{"href":"https:\/\/dev.le2bis.com\/wordpress\/wp-json\/wp\/v2\/pages\/8","targetHints":{"allow":["GET"]}}],"collection":[{"href":"https:\/\/dev.le2bis.com\/wordpress\/wp-json\/wp\/v2\/pages"}],"about":[{"href":"https:\/\/dev.le2bis.com\/wordpress\/wp-json\/wp\/v2\/types\/page"}],"author":[{"embeddable":true,"href":"https:\/\/dev.le2bis.com\/wordpress\/wp-json\/wp\/v2\/users\/1"}],"replies":[{"embeddable":true,"href":"https:\/\/dev.le2bis.com\/wordpress\/wp-json\/wp\/v2\/comments?post=8"}],"version-history":[{"count":0,"href":"https:\/\/dev.le2bis.com\/wordpress\/wp-json\/wp\/v2\/pages\/8\/revisions"}],"wp:featuredmedia":[{"embeddable":true,"href":"https:\/\/dev.le2bis.com\/wordpress\/wp-json\/wp\/v2\/media\/1249"}],"wp:attachment":[{"href":"https:\/\/dev.le2bis.com\/wordpress\/wp-json\/wp\/v2\/media?parent=8"}],"curies":[{"name":"wp","href":"https:\/\/api.w.org\/{rel}","templated":true}]}}