{"id":8292,"date":"2026-03-24T17:19:56","date_gmt":"2026-03-24T16:19:56","guid":{"rendered":"https:\/\/www.le2bis.com\/?page_id=8292"},"modified":"2026-03-24T17:19:56","modified_gmt":"2026-03-24T16:19:56","slug":"etude-faisabilite","status":"publish","type":"page","link":"https:\/\/dev.le2bis.com\/wordpress\/etude-faisabilite\/","title":{"rendered":"\u00c9tude de faisabilit\u00e9"},"content":{"rendered":"\n<p>L\u2019\u00e9tude de faisabilit\u00e9 est la premi\u00e8re \u00e9tape d\u00e9terminante de tout projet architectural. Elle r\u00e9v\u00e8le le potentiel du site, identifie les contraintes r\u00e9glementaires, mesure les limites techniques et d\u00e9finit les v\u00e9ritables marges de man\u0153uvre. Apr\u00e8s une mise au point pr\u00e9cise du programme, nous construisons des sc\u00e9narios fiables, ma\u00eetrisons les arbitrages et apportons une vision structur\u00e9e qui \u00e9claire les choix du ma\u00eetre d\u2019ouvrage.<\/p>\n\n\n\n<h2 class=\"wp-block-heading\">Comprendre avant d\u2019agir, d\u00e9cider en confiance.<\/h2>\n\n\n\n<h3 class=\"wp-block-heading\">Analyse du site et du b\u00e2ti existant<\/h3>\n\n\n\n<ul class=\"wp-block-list\">\n<li>Relev\u00e9s, photos et diagnostic du b\u00e2ti<\/li>\n\n\n\n<li>Analyse structurelle et technique<\/li>\n\n\n\n<li>\u00c9tude des r\u00e9seaux et acc\u00e8s<\/li>\n\n\n\n<li>\u00c9tat g\u00e9n\u00e9ral, pathologies, contraintes<\/li>\n<\/ul>\n\n\n\n<h3 class=\"wp-block-heading\">Analyse r\u00e9glementaire<\/h3>\n\n\n\n<ul class=\"wp-block-list\">\n<li>\u00c9tude du PLU \/ PLUi<\/li>\n\n\n\n<li>Servitudes, prospects, hauteurs, emprise<\/li>\n\n\n\n<li>Contraintes ABF et secteurs prot\u00e9g\u00e9s<\/li>\n\n\n\n<li>Risques naturels et prescriptions techniques<\/li>\n<\/ul>\n\n\n\n<h3 class=\"wp-block-heading\">Sc\u00e9narios et recommandations<\/h3>\n\n\n\n<ul class=\"wp-block-list\">\n<li>Propositions d\u2019am\u00e9nagement ou d\u2019extension<\/li>\n\n\n\n<li>Limites r\u00e9glementaires et techniques<\/li>\n\n\n\n<li>Optimisation des surfaces<\/li>\n\n\n\n<li>Estimation budg\u00e9taire pr\u00e9visionnelle<\/li>\n<\/ul>\n\n\n\n<h2 class=\"wp-block-heading\">Pour aller plus loin sur les types de missions&#8230;<\/h2>\n\n\n\n<ul class=\"wp-block-list\">\n<li><a href=\"\/wordpress\/etude-faisabilite\">\u00c9tude &amp; faisabilit\u00e9<\/a><\/li>\n\n\n\n<li><a href=\"\/wordpress\/conception-architecturale\">Conception architecturale<\/a><\/li>\n\n\n\n<li><a href=\"\/wordpress\/dossiers-administratifs\">Dossiers administratifs<\/a><\/li>\n\n\n\n<li><a href=\"\/wordpress\/consultation-entreprises\">Consultation des entreprises<\/a><\/li>\n\n\n\n<li><a href=\"\/wordpress\/suivi-chantier-maitrise-oeuvre\">Suivi de chantier &amp; ma\u00eetrise d\u2019\u0153uvre<\/a><\/li>\n\n\n\n<li><a href=\"\/wordpress\/honoraires-architecte\">Honoraires &amp; modalit\u00e9s<\/a><\/li>\n<\/ul>\n\n\n\n<h2 class=\"wp-block-heading\">Entrer en contact<\/h2>\n\n\n\n<p>Discutons de votre projet de construction&#8230;<\/p>\n\n\n\n<div class=\"wp-block-buttons has-custom-font-size\" style=\"font-size:17px; display:flex; justify-content:center; flex-wrap:wrap; gap:1rem;\">\n\n    <div class=\"wp-block-button is-style-outline\">\n        <a class=\"wp-block-button__link wp-element-button\" href=\"mailto:contact@le2bis.com\">\n            Envoyer un mail\n        <\/a>\n    <\/div>\n\n    <div class=\"wp-block-button is-style-outline\">\n        <a class=\"wp-block-button__link wp-element-button\" href=\"tel:+33562190536\">\n            Appeler\n        <\/a>\n    <\/div>\n\n    <div class=\"wp-block-button is-style-outline\">\n        <a class=\"wp-block-button__link wp-element-button\" href=\"\/wordpress\/\">\n            Voir les projets\n        <\/a>\n    <\/div>\n\n<\/div>\n","protected":false},"excerpt":{"rendered":"<p>L\u2019\u00e9tude de faisabilit\u00e9 est la premi\u00e8re \u00e9tape d\u00e9terminante de tout projet architectural. Elle r\u00e9v\u00e8le le potentiel du site, identifie les contraintes r\u00e9glementaires, mesure les limites techniques et d\u00e9finit les v\u00e9ritables marges de man\u0153uvre. Apr\u00e8s une mise au point pr\u00e9cise du programme, nous construisons des sc\u00e9narios fiables, ma\u00eetrisons les arbitrages et apportons une vision structur\u00e9e qui [&hellip;]<\/p>\n","protected":false},"author":1,"featured_media":0,"parent":0,"menu_order":0,"comment_status":"closed","ping_status":"closed","template":"","meta":{"tpgb_global_settings":"","footnotes":""},"class_list":["post-8292","page","type-page","status-publish","hentry"],"tpgb_featured_images":null,"tpgb_post_meta_info":{"get_date":"24 mars 2026","get_modified_date":"24 mars 2026","author_name":"le2bisdev","author_url":"https:\/\/dev.le2bis.com\/wordpress\/author\/le2bisdev\/","author_email":"simon.perrinlacour@gmail.com","author_website":"https:\/\/dev.le2bis.com\/wordpress","author_description":"","author_facebook":"","author_twitter":"","author_instagram":"","author_role":["administrator"],"author_firstname":"","author_lastname":"","user_login":"le2bisdev","author_avatar":"<img alt='' src='https:\/\/secure.gravatar.com\/avatar\/1001a3b87124c27d47dac2dcabcc852b75fbc9ab149938e114e99134b017bc6b?s=200&#038;d=mm&#038;r=g' srcset='https:\/\/secure.gravatar.com\/avatar\/1001a3b87124c27d47dac2dcabcc852b75fbc9ab149938e114e99134b017bc6b?s=400&#038;d=mm&#038;r=g 2x' class='avatar avatar-200 photo' height='200' width='200' loading='lazy' decoding='async'\/>","author_avatar_url":"https:\/\/secure.gravatar.com\/avatar\/1001a3b87124c27d47dac2dcabcc852b75fbc9ab149938e114e99134b017bc6b?s=96&d=mm&r=g","comment_count":0,"post_likes":0,"post_views":0},"tpgb_post_category":[],"_links":{"self":[{"href":"https:\/\/dev.le2bis.com\/wordpress\/wp-json\/wp\/v2\/pages\/8292","targetHints":{"allow":["GET"]}}],"collection":[{"href":"https:\/\/dev.le2bis.com\/wordpress\/wp-json\/wp\/v2\/pages"}],"about":[{"href":"https:\/\/dev.le2bis.com\/wordpress\/wp-json\/wp\/v2\/types\/page"}],"author":[{"embeddable":true,"href":"https:\/\/dev.le2bis.com\/wordpress\/wp-json\/wp\/v2\/users\/1"}],"replies":[{"embeddable":true,"href":"https:\/\/dev.le2bis.com\/wordpress\/wp-json\/wp\/v2\/comments?post=8292"}],"version-history":[{"count":0,"href":"https:\/\/dev.le2bis.com\/wordpress\/wp-json\/wp\/v2\/pages\/8292\/revisions"}],"wp:attachment":[{"href":"https:\/\/dev.le2bis.com\/wordpress\/wp-json\/wp\/v2\/media?parent=8292"}],"curies":[{"name":"wp","href":"https:\/\/api.w.org\/{rel}","templated":true}]}}