{"id":8295,"date":"2026-03-24T17:23:17","date_gmt":"2026-03-24T16:23:17","guid":{"rendered":"https:\/\/www.le2bis.com\/?page_id=8295"},"modified":"2026-03-24T17:23:17","modified_gmt":"2026-03-24T16:23:17","slug":"conception-architecturale","status":"publish","type":"page","link":"https:\/\/dev.le2bis.com\/wordpress\/conception-architecturale\/","title":{"rendered":"Conception architecturale"},"content":{"rendered":"\n<p>La conception architecturale est le moteur du projet : elle transforme les besoins en solutions concr\u00e8tes, structure les espaces, d\u00e9finit les mat\u00e9riaux, les ambiances et pr\u00e9pare les documents n\u00e9cessaires aux autorisations. Apr\u00e8s une mise au point rigoureuse du programme, nous d\u00e9veloppons des propositions ambitieuses, orchestrons les arbitrages et construisons une vision forte qui s\u00e9curise chaque d\u00e9cision.<\/p>\n\n\n\n<h2 class=\"wp-block-heading\">Une vision claire, un projet ma\u00eetris\u00e9 de bout en bout.<\/h2>\n\n\n\n<h3 class=\"wp-block-heading\">Esquisses (ESQ)<\/h3>\n\n\n\n<ul class=\"wp-block-list\">\n<li>Sc\u00e9narios d\u2019am\u00e9nagement<\/li>\n\n\n\n<li>Plans et premi\u00e8res intentions<\/li>\n\n\n\n<li>Volum\u00e9trie et organisation des espaces<\/li>\n\n\n\n<li>Optimisation des surfaces et circulations<\/li>\n<\/ul>\n\n\n\n<h3 class=\"wp-block-heading\">Avant-projet sommaire (APS)<\/h3>\n\n\n\n<ul class=\"wp-block-list\">\n<li>Plans, coupes et fa\u00e7ades<\/li>\n\n\n\n<li>Choix des mat\u00e9riaux et ambiances<\/li>\n\n\n\n<li>Premi\u00e8res \u00e9tudes techniques<\/li>\n\n\n\n<li>Estimation financi\u00e8re au ratio<\/li>\n<\/ul>\n\n\n\n<h3 class=\"wp-block-heading\">Avant-projet d\u00e9finitif (APD)<\/h3>\n\n\n\n<ul class=\"wp-block-list\">\n<li>Plans d\u00e9taill\u00e9s<\/li>\n\n\n\n<li>Int\u00e9gration technique (structure, r\u00e9seaux)<\/li>\n\n\n\n<li>Pr\u00e9paration du dossier administratif<\/li>\n\n\n\n<li>Estimation financi\u00e8re affin\u00e9e<\/li>\n\n\n\n<li>Validation finale du projet<\/li>\n<\/ul>\n\n\n\n<h2 class=\"wp-block-heading\">Pour aller plus loin sur les types de missions&#8230;<\/h2>\n\n\n\n<ul class=\"wp-block-list\">\n<li><a href=\"\/wordpress\/etude-faisabilite\">\u00c9tude &amp; faisabilit\u00e9<\/a><\/li>\n\n\n\n<li><a href=\"\/wordpress\/conception-architecturale\">Conception architecturale<\/a><\/li>\n\n\n\n<li><a href=\"\/wordpress\/dossiers-administratifs\">Dossiers administratifs<\/a><\/li>\n\n\n\n<li><a href=\"\/wordpress\/consultation-entreprises\">Consultation des entreprises<\/a><\/li>\n\n\n\n<li><a href=\"\/wordpress\/suivi-chantier-maitrise-oeuvre\">Suivi de chantier &amp; ma\u00eetrise d\u2019\u0153uvre<\/a><\/li>\n\n\n\n<li><a href=\"\/wordpress\/honoraires-architecte\">Honoraires &amp; modalit\u00e9s<\/a><\/li>\n<\/ul>\n\n\n\n<h2 class=\"wp-block-heading\">Entrer en contact<\/h2>\n\n\n\n<p>Discutons de votre projet de construction&#8230;<\/p>\n\n\n\n<div class=\"wp-block-buttons has-custom-font-size\" style=\"font-size:17px; display:flex; justify-content:center; flex-wrap:wrap; gap:1rem;\">\n\n    <div class=\"wp-block-button is-style-outline\">\n        <a class=\"wp-block-button__link wp-element-button\" href=\"mailto:contact@le2bis.com\">\n            Envoyer un mail\n        <\/a>\n    <\/div>\n\n    <div class=\"wp-block-button is-style-outline\">\n        <a class=\"wp-block-button__link wp-element-button\" href=\"tel:+33562190536\">\n            Appeler\n        <\/a>\n    <\/div>\n\n    <div class=\"wp-block-button is-style-outline\">\n        <a class=\"wp-block-button__link wp-element-button\" href=\"\/wordpress\/\">\n            Voir les projets\n        <\/a>\n    <\/div>\n\n<\/div>\n","protected":false},"excerpt":{"rendered":"<p>La conception architecturale est le moteur du projet : elle transforme les besoins en solutions concr\u00e8tes, structure les espaces, d\u00e9finit les mat\u00e9riaux, les ambiances et pr\u00e9pare les documents n\u00e9cessaires aux autorisations. Apr\u00e8s une mise au point rigoureuse du programme, nous d\u00e9veloppons des propositions ambitieuses, orchestrons les arbitrages et construisons une vision forte qui s\u00e9curise chaque [&hellip;]<\/p>\n","protected":false},"author":1,"featured_media":0,"parent":0,"menu_order":0,"comment_status":"closed","ping_status":"closed","template":"","meta":{"tpgb_global_settings":"","footnotes":""},"class_list":["post-8295","page","type-page","status-publish","hentry"],"tpgb_featured_images":null,"tpgb_post_meta_info":{"get_date":"24 mars 2026","get_modified_date":"24 mars 2026","author_name":"le2bisdev","author_url":"https:\/\/dev.le2bis.com\/wordpress\/author\/le2bisdev\/","author_email":"simon.perrinlacour@gmail.com","author_website":"https:\/\/dev.le2bis.com\/wordpress","author_description":"","author_facebook":"","author_twitter":"","author_instagram":"","author_role":["administrator"],"author_firstname":"","author_lastname":"","user_login":"le2bisdev","author_avatar":"<img alt='' src='https:\/\/secure.gravatar.com\/avatar\/1001a3b87124c27d47dac2dcabcc852b75fbc9ab149938e114e99134b017bc6b?s=200&#038;d=mm&#038;r=g' srcset='https:\/\/secure.gravatar.com\/avatar\/1001a3b87124c27d47dac2dcabcc852b75fbc9ab149938e114e99134b017bc6b?s=400&#038;d=mm&#038;r=g 2x' class='avatar avatar-200 photo' height='200' width='200' loading='lazy' decoding='async'\/>","author_avatar_url":"https:\/\/secure.gravatar.com\/avatar\/1001a3b87124c27d47dac2dcabcc852b75fbc9ab149938e114e99134b017bc6b?s=96&d=mm&r=g","comment_count":0,"post_likes":0,"post_views":0},"tpgb_post_category":[],"_links":{"self":[{"href":"https:\/\/dev.le2bis.com\/wordpress\/wp-json\/wp\/v2\/pages\/8295","targetHints":{"allow":["GET"]}}],"collection":[{"href":"https:\/\/dev.le2bis.com\/wordpress\/wp-json\/wp\/v2\/pages"}],"about":[{"href":"https:\/\/dev.le2bis.com\/wordpress\/wp-json\/wp\/v2\/types\/page"}],"author":[{"embeddable":true,"href":"https:\/\/dev.le2bis.com\/wordpress\/wp-json\/wp\/v2\/users\/1"}],"replies":[{"embeddable":true,"href":"https:\/\/dev.le2bis.com\/wordpress\/wp-json\/wp\/v2\/comments?post=8295"}],"version-history":[{"count":0,"href":"https:\/\/dev.le2bis.com\/wordpress\/wp-json\/wp\/v2\/pages\/8295\/revisions"}],"wp:attachment":[{"href":"https:\/\/dev.le2bis.com\/wordpress\/wp-json\/wp\/v2\/media?parent=8295"}],"curies":[{"name":"wp","href":"https:\/\/api.w.org\/{rel}","templated":true}]}}