{"id":8305,"date":"2026-03-24T17:42:37","date_gmt":"2026-03-24T16:42:37","guid":{"rendered":"https:\/\/www.le2bis.com\/?page_id=8305"},"modified":"2026-03-24T17:42:37","modified_gmt":"2026-03-24T16:42:37","slug":"honoraires-architecte","status":"publish","type":"page","link":"https:\/\/dev.le2bis.com\/wordpress\/honoraires-architecte\/","title":{"rendered":"Honoraires d&rsquo;architecte et modalit\u00e9s d\u2019intervention"},"content":{"rendered":"\n<p>Nos honoraires sont adapt\u00e9s au type de mission, \u00e0 la complexit\u00e9 du projet et au niveau d\u2019accompagnement souhait\u00e9. Nous privil\u00e9gions la transparence, la clart\u00e9 et l\u2019adaptation aux besoins du client. La qualit\u00e9 architecturale est au c\u0153ur de notre engagement : chaque projet b\u00e9n\u00e9ficie d\u2019un suivi rigoureux, d\u2019un conseil \u00e9clair\u00e9 et d\u2019une approche sur\u2011mesure garantissant des choix pertinents et ma\u00eetris\u00e9s.<\/p>\n\n\n\n<h2 class=\"wp-block-heading\">Transparence, pr\u00e9cision, accompagnement sur\u2011mesure.<\/h2>\n\n\n\n<h3 class=\"wp-block-heading\">Types d\u2019honoraires<\/h3>\n\n\n\n<ul class=\"wp-block-list\">\n<li>Forfait \u00e9tude ou faisabilit\u00e9<\/li>\n\n\n\n<li>Pourcentage sur le montant des travaux<\/li>\n\n\n\n<li>Mission partielle ou compl\u00e8te<\/li>\n\n\n\n<li>Honoraires adapt\u00e9s aux projets professionnels<\/li>\n<\/ul>\n\n\n\n<h2 class=\"wp-block-heading\">Prestations incluses<\/h2>\n\n\n\n<ul class=\"wp-block-list\">\n<li>Documents graphiques et techniques<\/li>\n\n\n\n<li>\u00c9changes et r\u00e9unions<\/li>\n\n\n\n<li>Coordination avec les partenaires<\/li>\n\n\n\n<li>Suivi administratif<\/li>\n<\/ul>\n\n\n\n<h2 class=\"wp-block-heading\">Engagements<\/h2>\n\n\n\n<ul class=\"wp-block-list\">\n<li>Transparence des co\u00fbts<\/li>\n\n\n\n<li>Communication claire<\/li>\n\n\n\n<li>Respect des d\u00e9lais<\/li>\n\n\n\n<li>Accompagnement personnalis\u00e9<\/li>\n<\/ul>\n\n\n\n<h2 class=\"wp-block-heading\">Entrer en contact<\/h2>\n\n\n\n<p>Discutons de votre projet de construction&#8230;<\/p>\n\n\n\n<div class=\"wp-block-buttons has-custom-font-size\" style=\"font-size:17px; display:flex; justify-content:center; flex-wrap:wrap; gap:1rem;\">\n\n    <div class=\"wp-block-button is-style-outline\">\n        <a class=\"wp-block-button__link wp-element-button\" href=\"mailto:contact@le2bis.com\">\n            Envoyer un mail\n        <\/a>\n    <\/div>\n\n    <div class=\"wp-block-button is-style-outline\">\n        <a class=\"wp-block-button__link wp-element-button\" href=\"tel:+33562190536\">\n            Appeler\n        <\/a>\n    <\/div>\n\n    <div class=\"wp-block-button is-style-outline\">\n        <a class=\"wp-block-button__link wp-element-button\" href=\"\/wordpress\/\">\n            Voir les projets\n        <\/a>\n    <\/div>\n\n<\/div>\n","protected":false},"excerpt":{"rendered":"<p>Nos honoraires sont adapt\u00e9s au type de mission, \u00e0 la complexit\u00e9 du projet et au niveau d\u2019accompagnement souhait\u00e9. Nous privil\u00e9gions la transparence, la clart\u00e9 et l\u2019adaptation aux besoins du client. La qualit\u00e9 architecturale est au c\u0153ur de notre engagement : chaque projet b\u00e9n\u00e9ficie d\u2019un suivi rigoureux, d\u2019un conseil \u00e9clair\u00e9 et d\u2019une approche sur\u2011mesure garantissant des [&hellip;]<\/p>\n","protected":false},"author":1,"featured_media":7121,"parent":0,"menu_order":0,"comment_status":"closed","ping_status":"closed","template":"","meta":{"tpgb_global_settings":"","footnotes":""},"class_list":["post-8305","page","type-page","status-publish","has-post-thumbnail","hentry"],"tpgb_featured_images":{"full":["https:\/\/dev.le2bis.com\/wordpress\/wp-content\/uploads\/2021\/03\/Sans-titre-2.jpg",800,284,false],"tp-image-grid":["https:\/\/dev.le2bis.com\/wordpress\/wp-content\/uploads\/2021\/03\/Sans-titre-2.jpg",700,249,false],"thumbnail":["https:\/\/dev.le2bis.com\/wordpress\/wp-content\/uploads\/2021\/03\/Sans-titre-2-150x150.jpg",150,150,true],"medium":["https:\/\/dev.le2bis.com\/wordpress\/wp-content\/uploads\/2021\/03\/Sans-titre-2-300x107.jpg",300,107,true],"medium_large":["https:\/\/dev.le2bis.com\/wordpress\/wp-content\/uploads\/2021\/03\/Sans-titre-2-768x273.jpg",768,273,true],"large":["https:\/\/dev.le2bis.com\/wordpress\/wp-content\/uploads\/2021\/03\/Sans-titre-2.jpg",800,284,false],"default":"https:\/\/dev.le2bis.com\/wordpress\/wp-content\/plugins\/the-plus-addons-for-block-editor\/assets\/images\/tpgb-placeholder.jpg"},"tpgb_post_meta_info":{"get_date":"24 mars 2026","get_modified_date":"24 mars 2026","author_name":"le2bisdev","author_url":"https:\/\/dev.le2bis.com\/wordpress\/author\/le2bisdev\/","author_email":"simon.perrinlacour@gmail.com","author_website":"https:\/\/dev.le2bis.com\/wordpress","author_description":"","author_facebook":"","author_twitter":"","author_instagram":"","author_role":["administrator"],"author_firstname":"","author_lastname":"","user_login":"le2bisdev","author_avatar":"<img alt='' src='https:\/\/secure.gravatar.com\/avatar\/1001a3b87124c27d47dac2dcabcc852b75fbc9ab149938e114e99134b017bc6b?s=200&#038;d=mm&#038;r=g' srcset='https:\/\/secure.gravatar.com\/avatar\/1001a3b87124c27d47dac2dcabcc852b75fbc9ab149938e114e99134b017bc6b?s=400&#038;d=mm&#038;r=g 2x' class='avatar avatar-200 photo' height='200' width='200' loading='lazy' decoding='async'\/>","author_avatar_url":"https:\/\/secure.gravatar.com\/avatar\/1001a3b87124c27d47dac2dcabcc852b75fbc9ab149938e114e99134b017bc6b?s=96&d=mm&r=g","comment_count":0,"post_likes":0,"post_views":0},"tpgb_post_category":[],"_links":{"self":[{"href":"https:\/\/dev.le2bis.com\/wordpress\/wp-json\/wp\/v2\/pages\/8305","targetHints":{"allow":["GET"]}}],"collection":[{"href":"https:\/\/dev.le2bis.com\/wordpress\/wp-json\/wp\/v2\/pages"}],"about":[{"href":"https:\/\/dev.le2bis.com\/wordpress\/wp-json\/wp\/v2\/types\/page"}],"author":[{"embeddable":true,"href":"https:\/\/dev.le2bis.com\/wordpress\/wp-json\/wp\/v2\/users\/1"}],"replies":[{"embeddable":true,"href":"https:\/\/dev.le2bis.com\/wordpress\/wp-json\/wp\/v2\/comments?post=8305"}],"version-history":[{"count":0,"href":"https:\/\/dev.le2bis.com\/wordpress\/wp-json\/wp\/v2\/pages\/8305\/revisions"}],"wp:featuredmedia":[{"embeddable":true,"href":"https:\/\/dev.le2bis.com\/wordpress\/wp-json\/wp\/v2\/media\/7121"}],"wp:attachment":[{"href":"https:\/\/dev.le2bis.com\/wordpress\/wp-json\/wp\/v2\/media?parent=8305"}],"curies":[{"name":"wp","href":"https:\/\/api.w.org\/{rel}","templated":true}]}}