{"id":8339,"date":"2026-03-26T09:27:26","date_gmt":"2026-03-26T08:27:26","guid":{"rendered":"https:\/\/www.le2bis.com\/?page_id=8339"},"modified":"2026-03-26T09:27:26","modified_gmt":"2026-03-26T08:27:26","slug":"patrimoine-rehabilitation","status":"publish","type":"page","link":"https:\/\/dev.le2bis.com\/wordpress\/patrimoine-rehabilitation\/","title":{"rendered":"Patrimoine et r\u00e9habilitation"},"content":{"rendered":"\n<p>R\u00e9habiliter un b\u00e2timent ancien demande une approche sp\u00e9cifique : respect des mat\u00e9riaux d\u2019origine, compr\u00e9hension des techniques traditionnelles, int\u00e9gration des normes actuelles et mise en valeur des qualit\u00e9s architecturales existantes.<\/p>\n\n\n\n<p>Nous accompagnons les projets de r\u00e9novation et de r\u00e9habilitation du patrimoine avec une attention particuli\u00e8re port\u00e9e \u00e0 l\u2019histoire du lieu, \u00e0 sa structure et \u00e0 son potentiel.<\/p>\n\n\n\n<h2 class=\"wp-block-heading\">Nos expertises<\/h2>\n\n\n\n<ul class=\"wp-block-list\">\n<li><a href=\"\/wordpress\/rehabilitation-bati-ancien\">R\u00e9habilitation du b\u00e2ti ancien<\/a><\/li>\n\n\n\n<li><a href=\"\/wordpress\/renovation-maisons-toulousaines\">R\u00e9novation des maisons toulousaines<\/a><\/li>\n\n\n\n<li><a href=\"\/wordpress\/rehabilitation-immeubles-anciens\">R\u00e9habilitation d\u2019immeubles anciens<\/a><\/li>\n\n\n\n<li><a href=\"\/wordpress\/accompagnement-abf\">Accompagnement ABF &amp; secteurs prot\u00e9g\u00e9s<\/a><\/li>\n\n\n\n<li><a href=\"\/wordpress\/coproprietes-ravalement-optimisation-energetique\">Copropri\u00e9t\u00e9s : ravalement &amp; optimisation \u00e9nerg\u00e9tique<\/a><\/li>\n<\/ul>\n\n\n\n<p>Chaque projet est unique : nous analysons l\u2019existant, identifions les enjeux structurels et patrimoniaux, et proposons des solutions adapt\u00e9es, durables et respectueuses du caract\u00e8re du b\u00e2timent.<\/p>\n\n\n\n<h2 class=\"wp-block-heading\">Entrer en contact<\/h2>\n\n\n\n<p>Discutons de votre projet de construction&#8230;<\/p>\n\n\n\n<div class=\"wp-block-buttons has-custom-font-size\" style=\"font-size:17px; display:flex; justify-content:center; flex-wrap:wrap; gap:1rem;\">\n\n    <div class=\"wp-block-button is-style-outline\">\n        <a class=\"wp-block-button__link wp-element-button\" href=\"mailto:contact@le2bis.com\">\n            Envoyer un mail\n        <\/a>\n    <\/div>\n\n    <div class=\"wp-block-button is-style-outline\">\n        <a class=\"wp-block-button__link wp-element-button\" href=\"tel:+33562190536\">\n            Appeler\n        <\/a>\n    <\/div>\n\n    <div class=\"wp-block-button is-style-outline\">\n        <a class=\"wp-block-button__link wp-element-button\" href=\"\/wordpress\/\">\n            Voir les projets\n        <\/a>\n    <\/div>\n\n<\/div>\n","protected":false},"excerpt":{"rendered":"<p>R\u00e9habiliter un b\u00e2timent ancien demande une approche sp\u00e9cifique : respect des mat\u00e9riaux d\u2019origine, compr\u00e9hension des techniques traditionnelles, int\u00e9gration des normes actuelles et mise en valeur des qualit\u00e9s architecturales existantes. Nous accompagnons les projets de r\u00e9novation et de r\u00e9habilitation du patrimoine avec une attention particuli\u00e8re port\u00e9e \u00e0 l\u2019histoire du lieu, \u00e0 sa structure et \u00e0 son [&hellip;]<\/p>\n","protected":false},"author":1,"featured_media":0,"parent":0,"menu_order":0,"comment_status":"closed","ping_status":"closed","template":"","meta":{"tpgb_global_settings":"","footnotes":""},"class_list":["post-8339","page","type-page","status-publish","hentry"],"tpgb_featured_images":null,"tpgb_post_meta_info":{"get_date":"26 mars 2026","get_modified_date":"26 mars 2026","author_name":"le2bisdev","author_url":"https:\/\/dev.le2bis.com\/wordpress\/author\/le2bisdev\/","author_email":"simon.perrinlacour@gmail.com","author_website":"https:\/\/dev.le2bis.com\/wordpress","author_description":"","author_facebook":"","author_twitter":"","author_instagram":"","author_role":["administrator"],"author_firstname":"","author_lastname":"","user_login":"le2bisdev","author_avatar":"<img alt='' src='https:\/\/secure.gravatar.com\/avatar\/1001a3b87124c27d47dac2dcabcc852b75fbc9ab149938e114e99134b017bc6b?s=200&#038;d=mm&#038;r=g' srcset='https:\/\/secure.gravatar.com\/avatar\/1001a3b87124c27d47dac2dcabcc852b75fbc9ab149938e114e99134b017bc6b?s=400&#038;d=mm&#038;r=g 2x' class='avatar avatar-200 photo' height='200' width='200' loading='lazy' decoding='async'\/>","author_avatar_url":"https:\/\/secure.gravatar.com\/avatar\/1001a3b87124c27d47dac2dcabcc852b75fbc9ab149938e114e99134b017bc6b?s=96&d=mm&r=g","comment_count":0,"post_likes":0,"post_views":0},"tpgb_post_category":[],"_links":{"self":[{"href":"https:\/\/dev.le2bis.com\/wordpress\/wp-json\/wp\/v2\/pages\/8339","targetHints":{"allow":["GET"]}}],"collection":[{"href":"https:\/\/dev.le2bis.com\/wordpress\/wp-json\/wp\/v2\/pages"}],"about":[{"href":"https:\/\/dev.le2bis.com\/wordpress\/wp-json\/wp\/v2\/types\/page"}],"author":[{"embeddable":true,"href":"https:\/\/dev.le2bis.com\/wordpress\/wp-json\/wp\/v2\/users\/1"}],"replies":[{"embeddable":true,"href":"https:\/\/dev.le2bis.com\/wordpress\/wp-json\/wp\/v2\/comments?post=8339"}],"version-history":[{"count":0,"href":"https:\/\/dev.le2bis.com\/wordpress\/wp-json\/wp\/v2\/pages\/8339\/revisions"}],"wp:attachment":[{"href":"https:\/\/dev.le2bis.com\/wordpress\/wp-json\/wp\/v2\/media?parent=8339"}],"curies":[{"name":"wp","href":"https:\/\/api.w.org\/{rel}","templated":true}]}}