{"id":8345,"date":"2026-03-26T09:37:28","date_gmt":"2026-03-26T08:37:28","guid":{"rendered":"https:\/\/www.le2bis.com\/?page_id=8345"},"modified":"2026-03-26T09:37:28","modified_gmt":"2026-03-26T08:37:28","slug":"renovation-maisons-toulousaines","status":"publish","type":"page","link":"https:\/\/dev.le2bis.com\/wordpress\/renovation-maisons-toulousaines\/","title":{"rendered":"R\u00e9novation des maisons toulousaines"},"content":{"rendered":"\n<p>Les maisons toulousaines poss\u00e8dent une identit\u00e9 forte : briques foraines, murs en terre crue, pans de bois, toitures traditionnelles. Leur r\u00e9novation demande une expertise sp\u00e9cifique. Notre savoir\u2011faire local nous permet d\u2019identifier rapidement les particularit\u00e9s du b\u00e2ti, de s\u00e9curiser les interventions et de proposer des solutions durables, respectueuses et parfaitement adapt\u00e9es \u00e0 l\u2019authenticit\u00e9 de ces constructions embl\u00e9matiques.<\/p>\n\n\n\n<h2 class=\"wp-block-heading\">Sp\u00e9cificit\u00e9s locales<\/h2>\n\n\n\n<ul class=\"wp-block-list\">\n<li>Restauration des briques foraines<\/li>\n\n\n\n<li>Traitement des murs en terre crue<\/li>\n\n\n\n<li>R\u00e9paration des pans de bois<\/li>\n\n\n\n<li>R\u00e9novation des toitures toulousaines<\/li>\n\n\n\n<li>Modernisation int\u00e9rieure respectueuse<\/li>\n<\/ul>\n\n\n\n<p>Nous modernisons ces maisons tout en pr\u00e9servant leur caract\u00e8re, leur authenticit\u00e9 et leur valeur patrimoniale.<\/p>\n\n\n\n<h2 class=\"wp-block-heading\">Pour aller plus loin sur la r\u00e9habilitation&#8230;<\/h2>\n\n\n\n<ul class=\"wp-block-list\">\n<li><a href=\"\/wordpress\/patrimoine-rehabilitation\/\">Patrimoine &amp; r\u00e9habilitation<\/a><\/li>\n\n\n\n<li><a href=\"\/wordpress\/rehabilitation-bati-ancien\/\">B\u00e2ti ancien<\/a><\/li>\n\n\n\n<li><a href=\"\/wordpress\/renovation-maisons-toulousaines\/\">Maisons toulousaines<\/a><\/li>\n\n\n\n<li><a href=\"\/wordpress\/accompagnement-abf\/\">Accompagnement ABF<\/a><\/li>\n\n\n\n<li><a href=\"\/wordpress\/coproprietes-ravalement-optimisation-energetique\/\">Copropri\u00e9t\u00e9s &amp; ravalement<\/a><\/li>\n\n\n\n<li><a href=\"\/wordpress\/rehabilitation-immeubles-anciens\/\">Immeubles anciens<\/a><\/li>\n<\/ul>\n\n\n\n<h2 class=\"wp-block-heading\">Entrer en contact<\/h2>\n\n\n\n<p>Discutons de votre projet de construction&#8230;<\/p>\n\n\n\n<div class=\"wp-block-buttons has-custom-font-size\" style=\"font-size:17px; display:flex; justify-content:center; flex-wrap:wrap; gap:1rem;\">\n\n    <div class=\"wp-block-button is-style-outline\">\n        <a class=\"wp-block-button__link wp-element-button\" href=\"mailto:contact@le2bis.com\">\n            Envoyer un mail\n        <\/a>\n    <\/div>\n\n    <div class=\"wp-block-button is-style-outline\">\n        <a class=\"wp-block-button__link wp-element-button\" href=\"tel:+33562190536\">\n            Appeler\n        <\/a>\n    <\/div>\n\n    <div class=\"wp-block-button is-style-outline\">\n        <a class=\"wp-block-button__link wp-element-button\" href=\"\/wordpress\/\">\n            Voir les projets\n        <\/a>\n    <\/div>\n\n<\/div>\n","protected":false},"excerpt":{"rendered":"<p>Les maisons toulousaines poss\u00e8dent une identit\u00e9 forte : briques foraines, murs en terre crue, pans de bois, toitures traditionnelles. Leur r\u00e9novation demande une expertise sp\u00e9cifique. Notre savoir\u2011faire local nous permet d\u2019identifier rapidement les particularit\u00e9s du b\u00e2ti, de s\u00e9curiser les interventions et de proposer des solutions durables, respectueuses et parfaitement adapt\u00e9es \u00e0 l\u2019authenticit\u00e9 de ces constructions [&hellip;]<\/p>\n","protected":false},"author":1,"featured_media":0,"parent":0,"menu_order":0,"comment_status":"closed","ping_status":"closed","template":"","meta":{"tpgb_global_settings":"","footnotes":""},"class_list":["post-8345","page","type-page","status-publish","hentry"],"tpgb_featured_images":null,"tpgb_post_meta_info":{"get_date":"26 mars 2026","get_modified_date":"26 mars 2026","author_name":"le2bisdev","author_url":"https:\/\/dev.le2bis.com\/wordpress\/author\/le2bisdev\/","author_email":"simon.perrinlacour@gmail.com","author_website":"https:\/\/dev.le2bis.com\/wordpress","author_description":"","author_facebook":"","author_twitter":"","author_instagram":"","author_role":["administrator"],"author_firstname":"","author_lastname":"","user_login":"le2bisdev","author_avatar":"<img alt='' src='https:\/\/secure.gravatar.com\/avatar\/1001a3b87124c27d47dac2dcabcc852b75fbc9ab149938e114e99134b017bc6b?s=200&#038;d=mm&#038;r=g' srcset='https:\/\/secure.gravatar.com\/avatar\/1001a3b87124c27d47dac2dcabcc852b75fbc9ab149938e114e99134b017bc6b?s=400&#038;d=mm&#038;r=g 2x' class='avatar avatar-200 photo' height='200' width='200' loading='lazy' decoding='async'\/>","author_avatar_url":"https:\/\/secure.gravatar.com\/avatar\/1001a3b87124c27d47dac2dcabcc852b75fbc9ab149938e114e99134b017bc6b?s=96&d=mm&r=g","comment_count":0,"post_likes":0,"post_views":0},"tpgb_post_category":[],"_links":{"self":[{"href":"https:\/\/dev.le2bis.com\/wordpress\/wp-json\/wp\/v2\/pages\/8345","targetHints":{"allow":["GET"]}}],"collection":[{"href":"https:\/\/dev.le2bis.com\/wordpress\/wp-json\/wp\/v2\/pages"}],"about":[{"href":"https:\/\/dev.le2bis.com\/wordpress\/wp-json\/wp\/v2\/types\/page"}],"author":[{"embeddable":true,"href":"https:\/\/dev.le2bis.com\/wordpress\/wp-json\/wp\/v2\/users\/1"}],"replies":[{"embeddable":true,"href":"https:\/\/dev.le2bis.com\/wordpress\/wp-json\/wp\/v2\/comments?post=8345"}],"version-history":[{"count":0,"href":"https:\/\/dev.le2bis.com\/wordpress\/wp-json\/wp\/v2\/pages\/8345\/revisions"}],"wp:attachment":[{"href":"https:\/\/dev.le2bis.com\/wordpress\/wp-json\/wp\/v2\/media?parent=8345"}],"curies":[{"name":"wp","href":"https:\/\/api.w.org\/{rel}","templated":true}]}}