{"id":8354,"date":"2026-03-26T09:48:43","date_gmt":"2026-03-26T08:48:43","guid":{"rendered":"https:\/\/www.le2bis.com\/?page_id=8354"},"modified":"2026-04-01T01:09:14","modified_gmt":"2026-03-31T23:09:14","slug":"accompagnement-abf","status":"publish","type":"page","link":"https:\/\/dev.le2bis.com\/wordpress\/accompagnement-abf\/","title":{"rendered":"Accompagnement ABF et secteurs sauvegard\u00e9s"},"content":{"rendered":"\n<p>Les projets situ\u00e9s en secteur sauvegard\u00e9 ou \u00e0 proximit\u00e9 d\u2019un b\u00e2timent prot\u00e9g\u00e9 n\u00e9cessitent un accompagnement sp\u00e9cifique et une parfaite compr\u00e9hension des attentes des Architectes des B\u00e2timents de France (ABF). Nous sollicitons les services concern\u00e9s avant chaque d\u00e9marrage de projet. <\/p>\n\n\n\n<p>Notre atout : une expertise \u00e9prouv\u00e9e des d\u00e9marches patrimoniales, qui nous permet d\u2019anticiper les contraintes, de s\u00e9curiser chaque \u00e9tape et de proposer des solutions architecturales \u00e0 la fois respectueuses, innovantes et parfaitement align\u00e9es avec les exigences du site.<\/p>\n\n\n\n<h2 class=\"wp-block-heading\">Notre accompagnement<\/h2>\n\n\n\n<ul class=\"wp-block-list\">\n<li>Analyse des prescriptions patrimoniales<\/li>\n\n\n\n<li>Conception compatible avec les exigences ABF<\/li>\n\n\n\n<li>\u00c9changes et concertation avec les services concern\u00e9s<\/li>\n\n\n\n<li>Montage du dossier d\u2019autorisation<\/li>\n\n\n\n<li>Suivi du projet jusqu\u2019\u00e0 validation<\/li>\n<\/ul>\n\n\n\n<p>Notre objectif : concilier respect du patrimoine et qualit\u00e9 architecturale contemporaine.<\/p>\n\n\n\n<h2 class=\"wp-block-heading\">Pour aller plus loin sur la r\u00e9habilitation&#8230;<\/h2>\n\n\n\n<ul class=\"wp-block-list\">\n<li><a href=\"\/wordpress\/patrimoine-rehabilitation\/\">Patrimoine &amp; r\u00e9habilitation<\/a><\/li>\n\n\n\n<li><a href=\"\/wordpress\/rehabilitation-bati-ancien\/\">B\u00e2ti ancien<\/a><\/li>\n\n\n\n<li><a href=\"\/wordpress\/renovation-maisons-toulousaines\/\">Maisons toulousaines<\/a><\/li>\n\n\n\n<li><a href=\"\/wordpress\/accompagnement-abf\/\">Accompagnement ABF<\/a><\/li>\n\n\n\n<li><a href=\"\/wordpress\/coproprietes-ravalement-optimisation-energetique\/\">Copropri\u00e9t\u00e9s &amp; ravalement<\/a><\/li>\n\n\n\n<li><a href=\"\/wordpress\/rehabilitation-immeubles-anciens\/\">Immeubles anciens<\/a><\/li>\n<\/ul>\n\n\n\n<h2 class=\"wp-block-heading\">Entrer en contact<\/h2>\n\n\n\n<p>Discutons de votre projet de construction&#8230;<\/p>\n\n\n\n<div class=\"wp-block-buttons has-custom-font-size\" style=\"font-size:17px; display:flex; justify-content:center; flex-wrap:wrap; gap:1rem;\">\n\n    <div class=\"wp-block-button is-style-outline\">\n        <a class=\"wp-block-button__link wp-element-button\" href=\"mailto:contact@le2bis.com\">\n            Envoyer un mail\n        <\/a>\n    <\/div>\n\n    <div class=\"wp-block-button is-style-outline\">\n        <a class=\"wp-block-button__link wp-element-button\" href=\"tel:+33562190536\">\n            Appeler\n        <\/a>\n    <\/div>\n\n    <div class=\"wp-block-button is-style-outline\">\n        <a class=\"wp-block-button__link wp-element-button\" href=\"\/wordpress\/\">\n            Voir les projets\n        <\/a>\n    <\/div>\n\n<\/div>\n","protected":false},"excerpt":{"rendered":"<p>Les projets situ\u00e9s en secteur sauvegard\u00e9 ou \u00e0 proximit\u00e9 d\u2019un b\u00e2timent prot\u00e9g\u00e9 n\u00e9cessitent un accompagnement sp\u00e9cifique et une parfaite compr\u00e9hension des attentes des Architectes des B\u00e2timents de France (ABF). Nous sollicitons les services concern\u00e9s avant chaque d\u00e9marrage de projet. Notre atout : une expertise \u00e9prouv\u00e9e des d\u00e9marches patrimoniales, qui nous permet d\u2019anticiper les contraintes, de [&hellip;]<\/p>\n","protected":false},"author":1,"featured_media":0,"parent":0,"menu_order":0,"comment_status":"closed","ping_status":"closed","template":"","meta":{"tpgb_global_settings":"","footnotes":""},"class_list":["post-8354","page","type-page","status-publish","hentry"],"tpgb_featured_images":null,"tpgb_post_meta_info":{"get_date":"26 mars 2026","get_modified_date":"1 avril 2026","author_name":"le2bisdev","author_url":"https:\/\/dev.le2bis.com\/wordpress\/author\/le2bisdev\/","author_email":"simon.perrinlacour@gmail.com","author_website":"https:\/\/dev.le2bis.com\/wordpress","author_description":"","author_facebook":"","author_twitter":"","author_instagram":"","author_role":["administrator"],"author_firstname":"","author_lastname":"","user_login":"le2bisdev","author_avatar":"<img alt='' src='https:\/\/secure.gravatar.com\/avatar\/1001a3b87124c27d47dac2dcabcc852b75fbc9ab149938e114e99134b017bc6b?s=200&#038;d=mm&#038;r=g' srcset='https:\/\/secure.gravatar.com\/avatar\/1001a3b87124c27d47dac2dcabcc852b75fbc9ab149938e114e99134b017bc6b?s=400&#038;d=mm&#038;r=g 2x' class='avatar avatar-200 photo' height='200' width='200' loading='lazy' decoding='async'\/>","author_avatar_url":"https:\/\/secure.gravatar.com\/avatar\/1001a3b87124c27d47dac2dcabcc852b75fbc9ab149938e114e99134b017bc6b?s=96&d=mm&r=g","comment_count":0,"post_likes":0,"post_views":0},"tpgb_post_category":[],"_links":{"self":[{"href":"https:\/\/dev.le2bis.com\/wordpress\/wp-json\/wp\/v2\/pages\/8354","targetHints":{"allow":["GET"]}}],"collection":[{"href":"https:\/\/dev.le2bis.com\/wordpress\/wp-json\/wp\/v2\/pages"}],"about":[{"href":"https:\/\/dev.le2bis.com\/wordpress\/wp-json\/wp\/v2\/types\/page"}],"author":[{"embeddable":true,"href":"https:\/\/dev.le2bis.com\/wordpress\/wp-json\/wp\/v2\/users\/1"}],"replies":[{"embeddable":true,"href":"https:\/\/dev.le2bis.com\/wordpress\/wp-json\/wp\/v2\/comments?post=8354"}],"version-history":[{"count":1,"href":"https:\/\/dev.le2bis.com\/wordpress\/wp-json\/wp\/v2\/pages\/8354\/revisions"}],"predecessor-version":[{"id":8857,"href":"https:\/\/dev.le2bis.com\/wordpress\/wp-json\/wp\/v2\/pages\/8354\/revisions\/8857"}],"wp:attachment":[{"href":"https:\/\/dev.le2bis.com\/wordpress\/wp-json\/wp\/v2\/media?parent=8354"}],"curies":[{"name":"wp","href":"https:\/\/api.w.org\/{rel}","templated":true}]}}